{"id":288,"date":"2025-06-11T19:04:10","date_gmt":"2025-06-11T19:04:10","guid":{"rendered":"https:\/\/duoencuentro.de\/?page_id=288"},"modified":"2026-03-25T16:29:24","modified_gmt":"2026-03-25T16:29:24","slug":"ueber-uns","status":"publish","type":"page","link":"https:\/\/duoencuentro.de\/index.php\/ueber-uns\/","title":{"rendered":"Bio"},"content":{"rendered":"\n<style>.text-editor-inner p.spiceEditor3dffcf82.has-dropcap:first-child:first-letter {\n\t\t\t\t\t\tcolor: undefined;\n\t\t\t\t\t\tbackground-color:undefined;\n\t\t\t\t\t\tfloat: left;\n\t\t\t\t\t\tfont-family: Open Sans;\n\t\t\t\t\t\tfont-size: 72px;\n\t\t\t\t\t\tfont-weight: 600;\n\t\t\t\t\t\ttext-transform:uppercase;\n\t\t\t\t\t\ttext-decoration:undefined;\n\t\t\t\t\t\tline-height: 60px;\n\t\t\t\t\t\tletter-spacing: undefinedpx;\n\t\t\t\t\t\tmargin: 10px 10px 10px 10px;\n\t\t\t\t\t\tpadding: 8px 12px 8px 12px;\n\t\t\t\t\t\t\t}\n\t\t\t\t\tundefined<\/style><script>var fontfamily2=`Open Sans`; var url2 = 'https:\/\/fonts.googleapis.com\/css2?family='+fontfamily2+':wght@100;200;300;400;500;600;700;800;900&amp;display=swap'; var link2 = document.createElement('link'); link2.href = url2; link2.rel = \"stylesheet\"; link2.type =  \"text\/css\"; document.head.appendChild(link2); var dropcapfontfamily2=`Open Sans`; var dropcapfontfamilyurl2 = 'https:\/\/fonts.googleapis.com\/css2?family='+dropcapfontfamily2+':wght@100;200;300;400;500;600;700;800;900&amp;display=swap'; var dropcapfontfamilylink2 = document.createElement('link'); dropcapfontfamilylink2.href = dropcapfontfamilyurl2; dropcapfontfamilylink2.rel = \"stylesheet\"; dropcapfontfamilylink2.type =  \"text\/css\"; document.head.appendChild(dropcapfontfamilylink2);<\/script><div class=\"text-editor-inner\" id=\"undefined\"><p class=\"spice-blocks-text-editor has-text-align-center wow animated        spiceEditor3dffcf82 undefined undefined\" style=\"margin:0px 0px 0px 0px;padding:0px 0px 0px 0px;font-size:18px;font-weight:400;line-height:28px;animation-delay:undefinedms;font-family:Open Sans\">\u201eEncuentro\u201c ist ein einzigartiges Musikensemble, das kulturelle Grenzen \u00fcberschreitet. Im Kern besteht die Formation aus einem Trio mit drei talentierten Musikern: Daniel Le-Van-Vo, einem geb\u00fcrtigen Franzosen mit vietnamesischen Wurzeln, Osvaldo Hernandez aus Kuba und Marcus Maria K\u00f6ster aus Deutschland.<br><br>Je nach Anlass und musikalischem Rahmen kann das Ensemble flexibel bis zum Quintett erweitert werden \u2013 erg\u00e4nzt durch Gesang und Saxophon. So passt sich \u201eEncuentro\u201c individuell an unterschiedlichste Events und Atmosph\u00e4ren an, von intimen Konzerten bis hin zu lebendigen Feierlichkeiten.<br><br>Gemeinsam vereinen wir eine Vielzahl musikalischer Einfl\u00fcsse \u2013 von klassischer Musik \u00fcber Gypsy und Jazz bis hin zu lateinamerikanischen Kl\u00e4ngen. Diese Vielfalt spiegelt sich in unseren leidenschaftlichen Auff\u00fchrungen wider, die das Publikum mitrei\u00dfen und begeistern.<br><br>Bei \u201eEncuentro\u201c steht die Fusion der Stile im Vordergrund, und wir laden Sie ein, mit uns auf eine musikalische Reise zu gehen, die die Seele ber\u00fchrt und Freude schenkt. Lassen Sie sich von unseren Kl\u00e4ngen verzaubern und entdecken Sie die Magie der Musik in ihrer facettenreichsten Form.<br><br><br><em><strong>\u201eEs war ein Abend zum Schwelgen und Schmunzeln. Zum Wippen mit dem Fu\u00df.<br>Zum Mittr\u00e4umen und &#8211; wer wollte &#8211; zum Tanzen. Die Musik von Encuentro ging in die Beine, <\/strong><\/em><br><em><strong>in den Kopf und vor allem: ins Herz.<br>Ein Konzert, das bleibt &#8211; nicht nur im Kalender, sondern im Gef\u00fchl\u201c.<\/strong><\/em><br><br><br><em><strong>\u201eMitrei\u00dfende Gitarrenmusik auf h\u00f6chstem Niveau, Ruhiges, Leidenschaftliches, ansteckend geballte, kubanische, franz\u00f6sische und deutsche Lebensfreude und ein fast zweist\u00fcndiger, internationaler Musikmix &#8211; welch grandiose Darbietung!\u201c.<\/strong><\/em><br><br><br><strong><em>\u201eEin Ereignis der besonderen Art war die kubanische S\u00e4ngerin Osiris Strau\u00df-Pet\u00e9z, deren dunkel-timbrierte Stimme mal in melancholischen Cantilenen dahinfloss, dann<br>wiederum &#8211; bei einem Cha cha &#8211; im Zwiegespr\u00e4ch mit der Trompete die Zuh\u00f6rer in Atem hielt, indem sie alle Register ihres K\u00f6nnens zog\u201c.<\/em><\/strong><br><br><br><br><strong>Besetzung:<\/strong><br><br><strong>Osvaldo Hernandez:<\/strong> Gitarre; Bass<br><strong>Daniel Le-Van-Vo:<\/strong> Gitarre<br><strong>Marcus Maria K\u00f6ster:<\/strong> Percussions<br><strong>Osiris Strauss-Perez:<\/strong> Gesang<br><strong>Peter Brand; Kurt Studenroth:<\/strong> Saxophone<br><br><br><strong>Special Guest:<\/strong><br><br><strong>Mayquel Gonzalez:<\/strong> Trompete (Kuba)<br><br><br><\/p><\/div>\n\n\n\n<hr class=\"wp-block-separator has-alpha-channel-opacity\"\/>\n","protected":false},"excerpt":{"rendered":"","protected":false},"author":2,"featured_media":0,"parent":0,"menu_order":0,"comment_status":"closed","ping_status":"closed","template":"","meta":{"footnotes":""},"class_list":["post-288","page","type-page","status-publish","hentry"],"_links":{"self":[{"href":"https:\/\/duoencuentro.de\/index.php\/wp-json\/wp\/v2\/pages\/288","targetHints":{"allow":["GET"]}}],"collection":[{"href":"https:\/\/duoencuentro.de\/index.php\/wp-json\/wp\/v2\/pages"}],"about":[{"href":"https:\/\/duoencuentro.de\/index.php\/wp-json\/wp\/v2\/types\/page"}],"author":[{"embeddable":true,"href":"https:\/\/duoencuentro.de\/index.php\/wp-json\/wp\/v2\/users\/2"}],"replies":[{"embeddable":true,"href":"https:\/\/duoencuentro.de\/index.php\/wp-json\/wp\/v2\/comments?post=288"}],"version-history":[{"count":22,"href":"https:\/\/duoencuentro.de\/index.php\/wp-json\/wp\/v2\/pages\/288\/revisions"}],"predecessor-version":[{"id":508,"href":"https:\/\/duoencuentro.de\/index.php\/wp-json\/wp\/v2\/pages\/288\/revisions\/508"}],"wp:attachment":[{"href":"https:\/\/duoencuentro.de\/index.php\/wp-json\/wp\/v2\/media?parent=288"}],"curies":[{"name":"wp","href":"https:\/\/api.w.org\/{rel}","templated":true}]}}